{"id":114,"date":"2022-10-26T17:56:15","date_gmt":"2022-10-26T17:56:15","guid":{"rendered":"https:\/\/multiserviciosstart.com\/?page_id=114"},"modified":"2022-10-26T22:09:37","modified_gmt":"2022-10-26T22:09:37","slug":"acerca-de","status":"publish","type":"page","link":"https:\/\/multiserviciosstart.com\/index.php\/acerca-de\/","title":{"rendered":"acerca de"},"content":{"rendered":"<p>[et_pb_section fb_built=&#8221;1&#8243; _builder_version=&#8221;4.18.0&#8243; _module_preset=&#8221;default&#8221; use_background_color_gradient=&#8221;on&#8221; background_color_gradient_stops=&#8221;rgba(0,0,0,0.31) 0%|rgba(0,0,0,0.25) 100%&#8221; background_color_gradient_overlays_image=&#8221;on&#8221; background_image=&#8221;https:\/\/multiserviciosstart.com\/wp-content\/uploads\/2022\/10\/img_amoladora.jpg&#8221; hover_enabled=&#8221;0&#8243; border_width_bottom=&#8221;16px&#8221; border_color_bottom=&#8221;#00426b&#8221; global_colors_info=&#8221;{}&#8221; theme_builder_area=&#8221;post_content&#8221; title_text=&#8221;img_amoladora&#8221; sticky_enabled=&#8221;0&#8243;][et_pb_row _builder_version=&#8221;4.16&#8243; _module_preset=&#8221;default&#8221; global_colors_info=&#8221;{}&#8221; theme_builder_area=&#8221;post_content&#8221;][et_pb_column type=&#8221;4_4&#8243; _builder_version=&#8221;4.16&#8243; _module_preset=&#8221;default&#8221; global_colors_info=&#8221;{}&#8221; theme_builder_area=&#8221;post_content&#8221;][et_pb_text _builder_version=&#8221;4.18.0&#8243; _module_preset=&#8221;default&#8221; header_2_font=&#8221;Poppins|700|||||||&#8221; header_2_text_color=&#8221;#FFFFFF&#8221; header_2_font_size=&#8221;50px&#8221; header_3_font=&#8221;Poppins|||||on|||&#8221; header_3_text_color=&#8221;#FFFFFF&#8221; header_3_font_size=&#8221;25px&#8221; custom_margin=&#8221;||0px|||&#8221; animation_style=&#8221;slide&#8221; animation_direction=&#8221;right&#8221; animation_intensity_slide=&#8221;10%&#8221; hover_enabled=&#8221;0&#8243; global_colors_info=&#8221;{}&#8221; theme_builder_area=&#8221;post_content&#8221; sticky_enabled=&#8221;0&#8243;]<\/p>\n<h3>Nuestra<\/h3>\n<h2>Historia<\/h2>\n<p>[\/et_pb_text][\/et_pb_column][\/et_pb_row][\/et_pb_section][et_pb_section fb_built=&#8221;1&#8243; module_id=&#8221;acercade&#8221; _builder_version=&#8221;4.16&#8243; _module_preset=&#8221;default&#8221; use_background_color_gradient=&#8221;on&#8221; background_color_gradient_stops=&#8221;rgba(255,255,255,0) 70%|#ffffff 100%&#8221; background_color_gradient_start=&#8221;rgba(255,255,255,0)&#8221; background_color_gradient_start_position=&#8221;70%&#8221; background_color_gradient_end=&#8221;#ffffff&#8221; background_image=&#8221;https:\/\/multiserviciosstart.com\/wp-content\/uploads\/2022\/10\/fondo5cuadrosAlpha2.png&#8221; parallax=&#8221;on&#8221; locked=&#8221;off&#8221; global_colors_info=&#8221;{}&#8221;][et_pb_row column_structure=&#8221;1_2,1_2&#8243; _builder_version=&#8221;4.16&#8243; _module_preset=&#8221;default&#8221; global_colors_info=&#8221;{}&#8221;][et_pb_column type=&#8221;1_2&#8243; _builder_version=&#8221;4.16&#8243; _module_preset=&#8221;default&#8221; global_colors_info=&#8221;{}&#8221;][et_pb_text _builder_version=&#8221;4.18.0&#8243; _module_preset=&#8221;default&#8221; header_2_font=&#8221;Poppins|700|||||||&#8221; header_2_text_color=&#8221;#00568a&#8221; header_2_font_size=&#8221;40px&#8221; header_3_font=&#8221;Poppins|||||on|||&#8221; header_3_text_color=&#8221;#828282&#8243; custom_margin=&#8221;||0px|||&#8221; animation_style=&#8221;slide&#8221; animation_direction=&#8221;right&#8221; animation_intensity_slide=&#8221;10%&#8221; global_colors_info=&#8221;{}&#8221;]<\/p>\n<h3>Con\u00f3cenos<\/h3>\n<h2>Acerca de<\/h2>\n<p>[\/et_pb_text][et_pb_divider color=&#8221;#e2e2e2&#8243; divider_weight=&#8221;9px&#8221; _builder_version=&#8221;4.16&#8243; _module_preset=&#8221;default&#8221; custom_margin=&#8221;||2px|||&#8221; global_colors_info=&#8221;{}&#8221;][\/et_pb_divider][et_pb_text _builder_version=&#8221;4.18.0&#8243; _module_preset=&#8221;default&#8221; text_font=&#8221;Poppins||||||||&#8221; text_text_color=&#8221;#060808&#8243; text_line_height=&#8221;1.8em&#8221; header_font=&#8221;Poppins|300|||||||&#8221; header_text_color=&#8221;#00568a&#8221; header_line_height=&#8221;1.3em&#8221; custom_padding=&#8221;7px||&#8221; animation_style=&#8221;fade&#8221; animation_delay=&#8221;400ms&#8221; hover_enabled=&#8221;0&#8243; global_colors_info=&#8221;{}&#8221; sticky_enabled=&#8221;0&#8243;]<\/p>\n<p style=\"text-align: justify;\">Somos una empresa dedicada al mantenimiento industrial y Empresarial, especializada en instalaciones<br \/>el\u00e9ctricas, de control, mec\u00e1nicas, hidr\u00e1ulicas, sanitarias, aire acondicionado y mantenimiento de las mismas.<\/p>\n<p>Nuestro principal objetivo es dar un buen servicio tanto en calidad de trabajo como en tiempo de respuesta.<\/p>\n<p>Nuestra empresa fue dise\u00f1ada para ofrecer un completo men\u00fa de opciones de mantenimiento integral a las empresas permitiendo de \u00e9sta forma contar con una amplia variedad de servicios, provistos por una misma compa\u00f1\u00eda.<\/p>\n<p style=\"text-align: justify;\">Usted puede estar seguro de que somos una empresa seria y responsable, realizaremos la tarea designada<br \/>por personal de gran calidad moral y especializada en su ramo.<\/p>\n<p>[\/et_pb_text][et_pb_text _builder_version=&#8221;4.18.0&#8243; _module_preset=&#8221;default&#8221; text_font=&#8221;Poppins||||||||&#8221; text_text_color=&#8221;#060808&#8243; text_line_height=&#8221;1.8em&#8221; header_font=&#8221;Poppins|300|||||||&#8221; header_text_color=&#8221;#00568a&#8221; header_line_height=&#8221;1.3em&#8221; custom_padding=&#8221;7px||&#8221; animation_style=&#8221;fade&#8221; animation_delay=&#8221;400ms&#8221; global_colors_info=&#8221;{}&#8221;]Lo que nos permite ofrecer un gran men\u00fa de beneficios como:[\/et_pb_text][et_pb_blurb title=&#8221;Precios competitivos.&#8221; use_icon=&#8221;on&#8221; font_icon=&#8221;&#xe052;||divi||400&#8243; icon_color=&#8221;#00426b&#8221; icon_placement=&#8221;left&#8221; image_icon_width=&#8221;25px&#8221; _builder_version=&#8221;4.18.0&#8243; _module_preset=&#8221;default&#8221; header_font=&#8221;Poppins|300|||||||&#8221; header_text_color=&#8221;#00426b&#8221; header_font_size=&#8221;20px&#8221; header_line_height=&#8221;1.3em&#8221; animation_style=&#8221;slide&#8221; animation_direction=&#8221;right&#8221; animation_intensity_slide=&#8221;10%&#8221; global_colors_info=&#8221;{}&#8221; icon_color__hover_enabled=&#8221;on|hover&#8221; icon_color__hover=&#8221;#E09900&#8243;][\/et_pb_blurb][et_pb_blurb title=&#8221;Prioridad en el servicio.&#8221; use_icon=&#8221;on&#8221; font_icon=&#8221;&#xe052;||divi||400&#8243; icon_color=&#8221;#00426b&#8221; icon_placement=&#8221;left&#8221; image_icon_width=&#8221;25px&#8221; _builder_version=&#8221;4.18.0&#8243; _module_preset=&#8221;default&#8221; header_font=&#8221;Poppins|300|||||||&#8221; header_text_color=&#8221;#00426b&#8221; header_font_size=&#8221;20px&#8221; header_line_height=&#8221;1.3em&#8221; animation_style=&#8221;slide&#8221; animation_direction=&#8221;right&#8221; animation_intensity_slide=&#8221;10%&#8221; global_colors_info=&#8221;{}&#8221; icon_color__hover_enabled=&#8221;on|hover&#8221; icon_color__hover=&#8221;#E09900&#8243;][\/et_pb_blurb][et_pb_text _builder_version=&#8221;4.18.0&#8243; _module_preset=&#8221;default&#8221; text_font=&#8221;Poppins||||||||&#8221; text_text_color=&#8221;#060808&#8243; text_line_height=&#8221;1.8em&#8221; header_font=&#8221;Poppins|300|||||||&#8221; header_text_color=&#8221;#00568a&#8221; header_line_height=&#8221;1.3em&#8221; custom_padding=&#8221;7px||&#8221; animation_style=&#8221;fade&#8221; animation_delay=&#8221;400ms&#8221; global_colors_info=&#8221;{}&#8221;]Es as\u00ed como START, se presenta como una interesante alternativa, que ofrece:[\/et_pb_text][et_pb_blurb title=&#8221;Ventajas en precios.&#8221; use_icon=&#8221;on&#8221; font_icon=&#8221;&#xe052;||divi||400&#8243; icon_color=&#8221;#00426b&#8221; icon_placement=&#8221;left&#8221; image_icon_width=&#8221;25px&#8221; _builder_version=&#8221;4.18.0&#8243; _module_preset=&#8221;default&#8221; header_font=&#8221;Poppins|300|||||||&#8221; header_text_color=&#8221;#00426b&#8221; header_font_size=&#8221;20px&#8221; header_line_height=&#8221;1.3em&#8221; animation_style=&#8221;slide&#8221; animation_direction=&#8221;right&#8221; animation_intensity_slide=&#8221;10%&#8221; global_colors_info=&#8221;{}&#8221; icon_color__hover_enabled=&#8221;on|hover&#8221; icon_color__hover=&#8221;#E09900&#8243;][\/et_pb_blurb][et_pb_blurb title=&#8221;Un proveedor confiable para todos sus servicios.&#8221; use_icon=&#8221;on&#8221; font_icon=&#8221;&#xe052;||divi||400&#8243; icon_color=&#8221;#00426b&#8221; icon_placement=&#8221;left&#8221; image_icon_width=&#8221;25px&#8221; _builder_version=&#8221;4.18.0&#8243; _module_preset=&#8221;default&#8221; header_font=&#8221;Poppins|300|||||||&#8221; header_text_color=&#8221;#00426b&#8221; header_font_size=&#8221;20px&#8221; header_line_height=&#8221;1.3em&#8221; animation_style=&#8221;slide&#8221; animation_direction=&#8221;right&#8221; animation_intensity_slide=&#8221;10%&#8221; global_colors_info=&#8221;{}&#8221; icon_color__hover_enabled=&#8221;on|hover&#8221; icon_color__hover=&#8221;#E09900&#8243;][\/et_pb_blurb][et_pb_blurb title=&#8221;Garant\u00eda de satisfacci\u00f3n total.&#8221; use_icon=&#8221;on&#8221; font_icon=&#8221;&#xe052;||divi||400&#8243; icon_color=&#8221;#00426b&#8221; icon_placement=&#8221;left&#8221; image_icon_width=&#8221;25px&#8221; _builder_version=&#8221;4.18.0&#8243; _module_preset=&#8221;default&#8221; header_font=&#8221;Poppins|300|||||||&#8221; header_text_color=&#8221;#00426b&#8221; header_font_size=&#8221;20px&#8221; header_line_height=&#8221;1.3em&#8221; animation_style=&#8221;slide&#8221; animation_direction=&#8221;right&#8221; animation_intensity_slide=&#8221;10%&#8221; global_colors_info=&#8221;{}&#8221; icon_color__hover_enabled=&#8221;on|hover&#8221; icon_color__hover=&#8221;#E09900&#8243;][\/et_pb_blurb][et_pb_text _builder_version=&#8221;4.18.0&#8243; _module_preset=&#8221;default&#8221; text_font=&#8221;Poppins||||||||&#8221; text_text_color=&#8221;#060808&#8243; text_line_height=&#8221;1.8em&#8221; header_font=&#8221;Poppins|300|||||||&#8221; header_text_color=&#8221;#00568a&#8221; header_line_height=&#8221;1.3em&#8221; custom_padding=&#8221;7px||&#8221; animation_style=&#8221;fade&#8221; animation_delay=&#8221;400ms&#8221; global_colors_info=&#8221;{}&#8221;]<\/p>\n<p style=\"text-align: justify;\">Los servicios prestados por START incluyen desde simples reparaciones, hasta construcci\u00f3n, remodelaci\u00f3n odesarrollo de grandes proyectos.<\/p>\n<p>[\/et_pb_text][\/et_pb_column][et_pb_column type=&#8221;1_2&#8243; _builder_version=&#8221;4.16&#8243; _module_preset=&#8221;default&#8221; global_colors_info=&#8221;{}&#8221;][et_pb_image src=&#8221;https:\/\/multiserviciosstart.com\/wp-content\/uploads\/2022\/10\/img_trabajos1.jpg&#8221; title_text=&#8221;img_trabajos1&#8243; show_in_lightbox=&#8221;on&#8221; _builder_version=&#8221;4.18.0&#8243; _module_preset=&#8221;default&#8221; transform_translate_linked__hover=&#8221;off&#8221; animation_style=&#8221;flip&#8221; animation_direction=&#8221;right&#8221; animation_duration=&#8221;1550ms&#8221; border_radii=&#8221;off|30px||30px|&#8221; border_width_all=&#8221;14px&#8221; border_color_all=&#8221;#00568a&#8221; box_shadow_style=&#8221;preset3&#8243; box_shadow_color=&#8221;rgba(0,0,0,0.53)&#8221; global_colors_info=&#8221;{}&#8221; transform_styles__hover_enabled=&#8221;off|desktop&#8221; transform_scale__hover_enabled=&#8221;off|desktop&#8221; transform_translate__hover_enabled=&#8221;off|desktop&#8221; transform_rotate__hover_enabled=&#8221;off|desktop&#8221; transform_skew__hover_enabled=&#8221;off|desktop&#8221; transform_origin__hover_enabled=&#8221;off|desktop&#8221; transform_translate__hover=&#8221;0px|-6px&#8221;][\/et_pb_image][et_pb_image src=&#8221;https:\/\/multiserviciosstart.com\/wp-content\/uploads\/2022\/10\/img_trabajos2.jpg&#8221; title_text=&#8221;img_trabajos2&#8243; show_in_lightbox=&#8221;on&#8221; _builder_version=&#8221;4.18.0&#8243; _module_preset=&#8221;default&#8221; transform_translate_linked__hover=&#8221;off&#8221; animation_style=&#8221;flip&#8221; animation_direction=&#8221;right&#8221; animation_duration=&#8221;1550ms&#8221; border_radii=&#8221;off|30px||30px|&#8221; border_width_all=&#8221;14px&#8221; border_color_all=&#8221;#00568a&#8221; box_shadow_style=&#8221;preset3&#8243; box_shadow_color=&#8221;rgba(0,0,0,0.53)&#8221; global_colors_info=&#8221;{}&#8221; transform_styles__hover_enabled=&#8221;off|desktop&#8221; transform_scale__hover_enabled=&#8221;off|desktop&#8221; transform_translate__hover=&#8221;0px|-6px&#8221; transform_translate__hover_enabled=&#8221;off|desktop&#8221; transform_rotate__hover_enabled=&#8221;off|desktop&#8221; transform_skew__hover_enabled=&#8221;off|desktop&#8221; transform_origin__hover_enabled=&#8221;off|desktop&#8221;][\/et_pb_image][\/et_pb_column][\/et_pb_row][\/et_pb_section]<\/p>\n","protected":false},"excerpt":{"rendered":"<p>Nuestra HistoriaCon\u00f3cenos Acerca deSomos una empresa dedicada al mantenimiento industrial y Empresarial, especializada en instalacionesel\u00e9ctricas, de control, mec\u00e1nicas, hidr\u00e1ulicas, sanitarias, aire acondicionado y mantenimiento de las mismas. Nuestro principal objetivo es dar un buen servicio tanto en calidad de trabajo como en tiempo de respuesta. Nuestra empresa fue dise\u00f1ada para ofrecer un completo men\u00fa de [&hellip;]<\/p>\n","protected":false},"author":1,"featured_media":0,"parent":0,"menu_order":0,"comment_status":"closed","ping_status":"closed","template":"","meta":{"_et_pb_use_builder":"on","_et_pb_old_content":"","_et_gb_content_width":"","footnotes":""},"class_list":["post-114","page","type-page","status-publish","hentry"],"_links":{"self":[{"href":"https:\/\/multiserviciosstart.com\/index.php\/wp-json\/wp\/v2\/pages\/114","targetHints":{"allow":["GET"]}}],"collection":[{"href":"https:\/\/multiserviciosstart.com\/index.php\/wp-json\/wp\/v2\/pages"}],"about":[{"href":"https:\/\/multiserviciosstart.com\/index.php\/wp-json\/wp\/v2\/types\/page"}],"author":[{"embeddable":true,"href":"https:\/\/multiserviciosstart.com\/index.php\/wp-json\/wp\/v2\/users\/1"}],"replies":[{"embeddable":true,"href":"https:\/\/multiserviciosstart.com\/index.php\/wp-json\/wp\/v2\/comments?post=114"}],"version-history":[{"count":9,"href":"https:\/\/multiserviciosstart.com\/index.php\/wp-json\/wp\/v2\/pages\/114\/revisions"}],"predecessor-version":[{"id":165,"href":"https:\/\/multiserviciosstart.com\/index.php\/wp-json\/wp\/v2\/pages\/114\/revisions\/165"}],"wp:attachment":[{"href":"https:\/\/multiserviciosstart.com\/index.php\/wp-json\/wp\/v2\/media?parent=114"}],"curies":[{"name":"wp","href":"https:\/\/api.w.org\/{rel}","templated":true}]}}